{"id":80,"date":"2022-12-16T16:07:49","date_gmt":"2022-12-16T16:07:49","guid":{"rendered":"https:\/\/primore.com.ar\/main\/?page_id=80"},"modified":"2023-02-14T13:32:42","modified_gmt":"2023-02-14T13:32:42","slug":"sobre-nosotros","status":"publish","type":"page","link":"https:\/\/primore.com.ar\/main\/","title":{"rendered":"Sobre Nosotros"},"content":{"rendered":"<p>Primore es una compa\u00f1\u00eda familiar fundada en 1998, cuyo objetivo siempre ha sido participar activamente en la exportaci\u00f3n de legumbres Argentinas. Durante m\u00e1s de dos d\u00e9cadas, el compromiso de Primore es el de ofrecer los mejores servicios comerciales a un precio competitivo, que nos ha llevado a ubicarnos entre los cinco principales exportadores de porotos de Argentina. Contamos con alianzas estrat\u00e9gicas con varios de los mejores agricultores, que nos permite trabajar con un gran volumen de productos de alta calidad con un completo sistema de trazabilidad. Cada a\u00f1o trabajamos arduamente para mantener buenas relaciones con nuestros clientes, brind\u00e1ndoles productos de calidad y servicios comerciales de primer nivel. Poseemos y utilizamos modernas plantas de procesamiento en las \u00e1reas de producci\u00f3n, que utilizan maquinaria y m\u00e9todos modernos.<\/p>\n<p>Somos parte de <a href=\"https:\/\/clera.com.ar\/es\/inicio\/\">CLERA<\/a> (C\u00e1mara de Legumbres de la Republica Argentina) y de <a href=\"https:\/\/globalpulses.com\/\">GPC<\/a> (Global Pulses Confederation) y participamos activamente en todas sus reuniones para poder estar al tanto del marco mundial del mercado de las legumbres.<\/p>\n<p><img loading=\"lazy\" decoding=\"async\" class=\"alignnone size-medium wp-image-307\" src=\"https:\/\/primore.com.ar\/main\/wp-content\/uploads\/2023\/02\/LOGO-CLERA-300x107.png\" alt=\"\" width=\"300\" height=\"107\" srcset=\"https:\/\/primore.com.ar\/main\/wp-content\/uploads\/2023\/02\/LOGO-CLERA-300x107.png 300w, https:\/\/primore.com.ar\/main\/wp-content\/uploads\/2023\/02\/LOGO-CLERA-1024x364.png 1024w, https:\/\/primore.com.ar\/main\/wp-content\/uploads\/2023\/02\/LOGO-CLERA-768x273.png 768w, https:\/\/primore.com.ar\/main\/wp-content\/uploads\/2023\/02\/LOGO-CLERA-1536x546.png 1536w, https:\/\/primore.com.ar\/main\/wp-content\/uploads\/2023\/02\/LOGO-CLERA-2048x728.png 2048w\" sizes=\"auto, (max-width: 300px) 100vw, 300px\" \/><img loading=\"lazy\" decoding=\"async\" class=\"wp-image-308 alignright\" src=\"https:\/\/primore.com.ar\/main\/wp-content\/uploads\/2023\/02\/gpc-300x136.jpg\" alt=\"\" width=\"203\" height=\"92\" srcset=\"https:\/\/primore.com.ar\/main\/wp-content\/uploads\/2023\/02\/gpc-300x136.jpg 300w, https:\/\/primore.com.ar\/main\/wp-content\/uploads\/2023\/02\/gpc-1024x463.jpg 1024w, https:\/\/primore.com.ar\/main\/wp-content\/uploads\/2023\/02\/gpc-768x347.jpg 768w, https:\/\/primore.com.ar\/main\/wp-content\/uploads\/2023\/02\/gpc.jpg 1480w\" sizes=\"auto, (max-width: 203px) 100vw, 203px\" \/><\/p>\n","protected":false},"excerpt":{"rendered":"<p>Primore es una compa\u00f1\u00eda familiar fundada en 1998, cuyo objetivo siempre ha sido participar activamente en la exportaci\u00f3n de legumbres Argentinas. Durante m\u00e1s de dos d\u00e9cadas, el compromiso de Primore es el de ofrecer los mejores servicios comerciales a un precio competitivo, que nos ha llevado a ubicarnos entre los cinco principales exportadores de porotos &hellip; <\/p>\n<p class=\"link-more\"><a href=\"https:\/\/primore.com.ar\/main\/\" class=\"more-link\">Continuar leyendo<span class=\"screen-reader-text\"> \u00abSobre Nosotros\u00bb<\/span><\/a><\/p>\n","protected":false},"author":1,"featured_media":0,"parent":0,"menu_order":0,"comment_status":"closed","ping_status":"closed","template":"","meta":{"footnotes":""},"class_list":["post-80","page","type-page","status-publish","hentry"],"_links":{"self":[{"href":"https:\/\/primore.com.ar\/main\/wp-json\/wp\/v2\/pages\/80","targetHints":{"allow":["GET"]}}],"collection":[{"href":"https:\/\/primore.com.ar\/main\/wp-json\/wp\/v2\/pages"}],"about":[{"href":"https:\/\/primore.com.ar\/main\/wp-json\/wp\/v2\/types\/page"}],"author":[{"embeddable":true,"href":"https:\/\/primore.com.ar\/main\/wp-json\/wp\/v2\/users\/1"}],"replies":[{"embeddable":true,"href":"https:\/\/primore.com.ar\/main\/wp-json\/wp\/v2\/comments?post=80"}],"version-history":[{"count":7,"href":"https:\/\/primore.com.ar\/main\/wp-json\/wp\/v2\/pages\/80\/revisions"}],"predecessor-version":[{"id":310,"href":"https:\/\/primore.com.ar\/main\/wp-json\/wp\/v2\/pages\/80\/revisions\/310"}],"wp:attachment":[{"href":"https:\/\/primore.com.ar\/main\/wp-json\/wp\/v2\/media?parent=80"}],"curies":[{"name":"wp","href":"https:\/\/api.w.org\/{rel}","templated":true}]}}