{"id":235,"date":"2023-02-02T16:30:35","date_gmt":"2023-02-02T16:30:35","guid":{"rendered":"https:\/\/primore.com.ar\/main\/?page_id=235"},"modified":"2023-02-02T17:23:30","modified_gmt":"2023-02-02T17:23:30","slug":"negro","status":"publish","type":"page","link":"https:\/\/primore.com.ar\/main\/negro\/","title":{"rendered":"Negro"},"content":{"rendered":"<p><img loading=\"lazy\" decoding=\"async\" class=\"size-medium wp-image-56 aligncenter\" src=\"https:\/\/primore.com.ar\/main\/wp-content\/uploads\/2022\/12\/negro-final-300x297.png\" alt=\"\" width=\"300\" height=\"297\" srcset=\"https:\/\/primore.com.ar\/main\/wp-content\/uploads\/2022\/12\/negro-final-300x297.png 300w, https:\/\/primore.com.ar\/main\/wp-content\/uploads\/2022\/12\/negro-final-1024x1015.png 1024w, https:\/\/primore.com.ar\/main\/wp-content\/uploads\/2022\/12\/negro-final-150x150.png 150w, https:\/\/primore.com.ar\/main\/wp-content\/uploads\/2022\/12\/negro-final-768x761.png 768w, https:\/\/primore.com.ar\/main\/wp-content\/uploads\/2022\/12\/negro-final-1536x1522.png 1536w, https:\/\/primore.com.ar\/main\/wp-content\/uploads\/2022\/12\/negro-final-100x100.png 100w, https:\/\/primore.com.ar\/main\/wp-content\/uploads\/2022\/12\/negro-final.png 2008w\" sizes=\"auto, (max-width: 300px) 100vw, 300px\" \/><\/p>\n<p>Los porotos negros son muy bajos en colesterol, grasas saturadas y sodio. Los granos son de textura y sabor suave. Estos porotos son conocidos por ayudar en la lucha contra las enfermedades del coraz\u00f3n y c\u00e1ncer. Son una gran fuente de fibra, prote\u00edna, tiamina, magnesio, f\u00f3sforo, potasio, cobre y manganeso, como as\u00ed tambi\u00e9n una muy buena fuente de \u00e1cido f\u00f3lico. Usualmente se usan para hacer sopas, guisos y salsas en Am\u00e9rica Latina, el Caribe y Estados Unidos. El periodo de cosecha es entre los meses de junio y julio. Su calibre es de 3.5MM.<\/p>\n<p>&nbsp;<\/p>\n<p><a href=\"https:\/\/primore.com.ar\/main\/productos\/\">Regresar a Productos<\/a><\/p>\n","protected":false},"excerpt":{"rendered":"<p>Los porotos negros son muy bajos en colesterol, grasas saturadas y sodio. Los granos son de textura y sabor suave. Estos porotos son conocidos por ayudar en la lucha contra las enfermedades del coraz\u00f3n y c\u00e1ncer. Son una gran fuente de fibra, prote\u00edna, tiamina, magnesio, f\u00f3sforo, potasio, cobre y manganeso, como as\u00ed tambi\u00e9n una muy &hellip; <\/p>\n<p class=\"link-more\"><a href=\"https:\/\/primore.com.ar\/main\/negro\/\" class=\"more-link\">Continuar leyendo<span class=\"screen-reader-text\"> \u00abNegro\u00bb<\/span><\/a><\/p>\n","protected":false},"author":1,"featured_media":0,"parent":0,"menu_order":0,"comment_status":"closed","ping_status":"closed","template":"","meta":{"footnotes":""},"class_list":["post-235","page","type-page","status-publish","hentry"],"_links":{"self":[{"href":"https:\/\/primore.com.ar\/main\/wp-json\/wp\/v2\/pages\/235","targetHints":{"allow":["GET"]}}],"collection":[{"href":"https:\/\/primore.com.ar\/main\/wp-json\/wp\/v2\/pages"}],"about":[{"href":"https:\/\/primore.com.ar\/main\/wp-json\/wp\/v2\/types\/page"}],"author":[{"embeddable":true,"href":"https:\/\/primore.com.ar\/main\/wp-json\/wp\/v2\/users\/1"}],"replies":[{"embeddable":true,"href":"https:\/\/primore.com.ar\/main\/wp-json\/wp\/v2\/comments?post=235"}],"version-history":[{"count":2,"href":"https:\/\/primore.com.ar\/main\/wp-json\/wp\/v2\/pages\/235\/revisions"}],"predecessor-version":[{"id":257,"href":"https:\/\/primore.com.ar\/main\/wp-json\/wp\/v2\/pages\/235\/revisions\/257"}],"wp:attachment":[{"href":"https:\/\/primore.com.ar\/main\/wp-json\/wp\/v2\/media?parent=235"}],"curies":[{"name":"wp","href":"https:\/\/api.w.org\/{rel}","templated":true}]}}