{"id":232,"date":"2023-02-02T16:27:21","date_gmt":"2023-02-02T16:27:21","guid":{"rendered":"https:\/\/primore.com.ar\/main\/?page_id=232"},"modified":"2023-02-02T17:22:57","modified_gmt":"2023-02-02T17:22:57","slug":"maiz-pisingallo","status":"publish","type":"page","link":"https:\/\/primore.com.ar\/main\/maiz-pisingallo\/","title":{"rendered":"Ma\u00edz Pisingallo"},"content":{"rendered":"<p><img loading=\"lazy\" decoding=\"async\" class=\"size-medium wp-image-61 aligncenter\" src=\"https:\/\/primore.com.ar\/main\/wp-content\/uploads\/2022\/12\/maiz-pisingallo-final-300x297.png\" alt=\"\" width=\"300\" height=\"297\" srcset=\"https:\/\/primore.com.ar\/main\/wp-content\/uploads\/2022\/12\/maiz-pisingallo-final-300x297.png 300w, https:\/\/primore.com.ar\/main\/wp-content\/uploads\/2022\/12\/maiz-pisingallo-final-1024x1015.png 1024w, https:\/\/primore.com.ar\/main\/wp-content\/uploads\/2022\/12\/maiz-pisingallo-final-150x150.png 150w, https:\/\/primore.com.ar\/main\/wp-content\/uploads\/2022\/12\/maiz-pisingallo-final-768x761.png 768w, https:\/\/primore.com.ar\/main\/wp-content\/uploads\/2022\/12\/maiz-pisingallo-final-1536x1523.png 1536w, https:\/\/primore.com.ar\/main\/wp-content\/uploads\/2022\/12\/maiz-pisingallo-final-2048x2030.png 2048w, https:\/\/primore.com.ar\/main\/wp-content\/uploads\/2022\/12\/maiz-pisingallo-final-100x100.png 100w\" sizes=\"auto, (max-width: 300px) 100vw, 300px\" \/><\/p>\n<p>El Ma\u00edz Pisingallo es bajo en grasas saturadas y sodio. Tambi\u00e9n son una buena fuente de fibra y manganeso. Una vez reventados, generalmente se cubren con mantequilla derretida y sal. Una opci\u00f3n m\u00e1s saludable ser\u00eda usar un aceite en aerosol bajo en grasa y sin sal, aun as\u00ed muy sabroso. El periodo de cosecha es en el mes de Marzo. Su expansi\u00f3n ronda entre 38\/40 y 40\/42. ????<\/p>\n<p>&nbsp;<\/p>\n<p><a href=\"https:\/\/primore.com.ar\/main\/productos\/\">Regresar a Productos<\/a><\/p>\n","protected":false},"excerpt":{"rendered":"<p>El Ma\u00edz Pisingallo es bajo en grasas saturadas y sodio. Tambi\u00e9n son una buena fuente de fibra y manganeso. Una vez reventados, generalmente se cubren con mantequilla derretida y sal. Una opci\u00f3n m\u00e1s saludable ser\u00eda usar un aceite en aerosol bajo en grasa y sin sal, aun as\u00ed muy sabroso. El periodo de cosecha es &hellip; <\/p>\n<p class=\"link-more\"><a href=\"https:\/\/primore.com.ar\/main\/maiz-pisingallo\/\" class=\"more-link\">Continuar leyendo<span class=\"screen-reader-text\"> \u00abMa\u00edz Pisingallo\u00bb<\/span><\/a><\/p>\n","protected":false},"author":1,"featured_media":0,"parent":0,"menu_order":0,"comment_status":"closed","ping_status":"closed","template":"","meta":{"footnotes":""},"class_list":["post-232","page","type-page","status-publish","hentry"],"_links":{"self":[{"href":"https:\/\/primore.com.ar\/main\/wp-json\/wp\/v2\/pages\/232","targetHints":{"allow":["GET"]}}],"collection":[{"href":"https:\/\/primore.com.ar\/main\/wp-json\/wp\/v2\/pages"}],"about":[{"href":"https:\/\/primore.com.ar\/main\/wp-json\/wp\/v2\/types\/page"}],"author":[{"embeddable":true,"href":"https:\/\/primore.com.ar\/main\/wp-json\/wp\/v2\/users\/1"}],"replies":[{"embeddable":true,"href":"https:\/\/primore.com.ar\/main\/wp-json\/wp\/v2\/comments?post=232"}],"version-history":[{"count":3,"href":"https:\/\/primore.com.ar\/main\/wp-json\/wp\/v2\/pages\/232\/revisions"}],"predecessor-version":[{"id":255,"href":"https:\/\/primore.com.ar\/main\/wp-json\/wp\/v2\/pages\/232\/revisions\/255"}],"wp:attachment":[{"href":"https:\/\/primore.com.ar\/main\/wp-json\/wp\/v2\/media?parent=232"}],"curies":[{"name":"wp","href":"https:\/\/api.w.org\/{rel}","templated":true}]}}