{"id":230,"date":"2023-02-02T16:24:52","date_gmt":"2023-02-02T16:24:52","guid":{"rendered":"https:\/\/primore.com.ar\/main\/?page_id=230"},"modified":"2023-02-02T17:23:11","modified_gmt":"2023-02-02T17:23:11","slug":"mungo","status":"publish","type":"page","link":"https:\/\/primore.com.ar\/main\/mungo\/","title":{"rendered":"Mungo"},"content":{"rendered":"<p><img loading=\"lazy\" decoding=\"async\" class=\"size-medium wp-image-62 aligncenter\" src=\"https:\/\/primore.com.ar\/main\/wp-content\/uploads\/2022\/12\/mungo-final-300x297.png\" alt=\"\" width=\"300\" height=\"297\" srcset=\"https:\/\/primore.com.ar\/main\/wp-content\/uploads\/2022\/12\/mungo-final-300x297.png 300w, https:\/\/primore.com.ar\/main\/wp-content\/uploads\/2022\/12\/mungo-final-1024x1012.png 1024w, https:\/\/primore.com.ar\/main\/wp-content\/uploads\/2022\/12\/mungo-final-150x150.png 150w, https:\/\/primore.com.ar\/main\/wp-content\/uploads\/2022\/12\/mungo-final-768x759.png 768w, https:\/\/primore.com.ar\/main\/wp-content\/uploads\/2022\/12\/mungo-final-1536x1518.png 1536w, https:\/\/primore.com.ar\/main\/wp-content\/uploads\/2022\/12\/mungo-final-100x100.png 100w, https:\/\/primore.com.ar\/main\/wp-content\/uploads\/2022\/12\/mungo-final.png 1908w\" sizes=\"auto, (max-width: 300px) 100vw, 300px\" \/><\/p>\n<p>El poroto Mungo contienen altas cantidades de nutrientes como las vitaminas A, B, C, D, E y K. Contiene minerales como potasio, magnesio, zinc y muchos otros minerales. Tambi\u00e9n es rica en prote\u00ednas vegetales y fibra. Comer porotos Mungo ayuda a controlar el peso corporal, disminuir los niveles de colesterol malo y controlar los niveles de az\u00facar en la sangre. Ayuda a mejorar la salud del sistema inmunol\u00f3gico, el intestino y la densidad \u00f3sea. El periodo de cosecha es entre los meses de marzo y junio. Su calibre normalmente es de 3.5MM.<\/p>\n<p>&nbsp;<\/p>\n<p><a href=\"https:\/\/primore.com.ar\/main\/productos\/\">Regresar a Productos<\/a><\/p>\n","protected":false},"excerpt":{"rendered":"<p>El poroto Mungo contienen altas cantidades de nutrientes como las vitaminas A, B, C, D, E y K. Contiene minerales como potasio, magnesio, zinc y muchos otros minerales. Tambi\u00e9n es rica en prote\u00ednas vegetales y fibra. Comer porotos Mungo ayuda a controlar el peso corporal, disminuir los niveles de colesterol malo y controlar los niveles &hellip; <\/p>\n<p class=\"link-more\"><a href=\"https:\/\/primore.com.ar\/main\/mungo\/\" class=\"more-link\">Continuar leyendo<span class=\"screen-reader-text\"> \u00abMungo\u00bb<\/span><\/a><\/p>\n","protected":false},"author":1,"featured_media":0,"parent":0,"menu_order":0,"comment_status":"closed","ping_status":"closed","template":"","meta":{"footnotes":""},"class_list":["post-230","page","type-page","status-publish","hentry"],"_links":{"self":[{"href":"https:\/\/primore.com.ar\/main\/wp-json\/wp\/v2\/pages\/230","targetHints":{"allow":["GET"]}}],"collection":[{"href":"https:\/\/primore.com.ar\/main\/wp-json\/wp\/v2\/pages"}],"about":[{"href":"https:\/\/primore.com.ar\/main\/wp-json\/wp\/v2\/types\/page"}],"author":[{"embeddable":true,"href":"https:\/\/primore.com.ar\/main\/wp-json\/wp\/v2\/users\/1"}],"replies":[{"embeddable":true,"href":"https:\/\/primore.com.ar\/main\/wp-json\/wp\/v2\/comments?post=230"}],"version-history":[{"count":2,"href":"https:\/\/primore.com.ar\/main\/wp-json\/wp\/v2\/pages\/230\/revisions"}],"predecessor-version":[{"id":256,"href":"https:\/\/primore.com.ar\/main\/wp-json\/wp\/v2\/pages\/230\/revisions\/256"}],"wp:attachment":[{"href":"https:\/\/primore.com.ar\/main\/wp-json\/wp\/v2\/media?parent=230"}],"curies":[{"name":"wp","href":"https:\/\/api.w.org\/{rel}","templated":true}]}}