{"id":219,"date":"2023-02-02T16:01:23","date_gmt":"2023-02-02T16:01:23","guid":{"rendered":"https:\/\/primore.com.ar\/main\/?page_id=219"},"modified":"2023-02-10T23:52:09","modified_gmt":"2023-02-10T23:52:09","slug":"negocios","status":"publish","type":"page","link":"https:\/\/primore.com.ar\/main\/negocios\/","title":{"rendered":"Negocios"},"content":{"rendered":"<p>Desde hace mas de 20 a\u00f1os Primore se distingue por exportar mercader\u00eda de primer nivel a todo el mundo, intentando lograr el mejor producto para cada uno de sus clientes y su uso final. Bas\u00e1ndose en su experiencia y conocimiento de mercado logro posicionarse como uno de los mayores y mas renombrados exportadores de la Republica Argentina. A lo largo de su historia, Primore ha exportado a una gran cantidad de pa\u00edses al rededor de todo el mundo, recolectando una amplia experiencia que lo han ayudado a saber que es lo cliente necesita dependiendo de su ubicaci\u00f3n geogr\u00e1fica y su utilizaci\u00f3n final. Su actividad principal es la exportaci\u00f3n de legumbres secas, ya sea por v\u00eda mar\u00edtima o terrestre, teniendo como base el puerto de Buenos Aires.<\/p>\n","protected":false},"excerpt":{"rendered":"<p>Desde hace mas de 20 a\u00f1os Primore se distingue por exportar mercader\u00eda de primer nivel a todo el mundo, intentando lograr el mejor producto para cada uno de sus clientes y su uso final. Bas\u00e1ndose en su experiencia y conocimiento de mercado logro posicionarse como uno de los mayores y mas renombrados exportadores de la &hellip; <\/p>\n<p class=\"link-more\"><a href=\"https:\/\/primore.com.ar\/main\/negocios\/\" class=\"more-link\">Continuar leyendo<span class=\"screen-reader-text\"> \u00abNegocios\u00bb<\/span><\/a><\/p>\n","protected":false},"author":1,"featured_media":0,"parent":0,"menu_order":0,"comment_status":"closed","ping_status":"closed","template":"","meta":{"footnotes":""},"class_list":["post-219","page","type-page","status-publish","hentry"],"_links":{"self":[{"href":"https:\/\/primore.com.ar\/main\/wp-json\/wp\/v2\/pages\/219","targetHints":{"allow":["GET"]}}],"collection":[{"href":"https:\/\/primore.com.ar\/main\/wp-json\/wp\/v2\/pages"}],"about":[{"href":"https:\/\/primore.com.ar\/main\/wp-json\/wp\/v2\/types\/page"}],"author":[{"embeddable":true,"href":"https:\/\/primore.com.ar\/main\/wp-json\/wp\/v2\/users\/1"}],"replies":[{"embeddable":true,"href":"https:\/\/primore.com.ar\/main\/wp-json\/wp\/v2\/comments?post=219"}],"version-history":[{"count":3,"href":"https:\/\/primore.com.ar\/main\/wp-json\/wp\/v2\/pages\/219\/revisions"}],"predecessor-version":[{"id":299,"href":"https:\/\/primore.com.ar\/main\/wp-json\/wp\/v2\/pages\/219\/revisions\/299"}],"wp:attachment":[{"href":"https:\/\/primore.com.ar\/main\/wp-json\/wp\/v2\/media?parent=219"}],"curies":[{"name":"wp","href":"https:\/\/api.w.org\/{rel}","templated":true}]}}