{"id":213,"date":"2023-02-02T15:53:12","date_gmt":"2023-02-02T15:53:12","guid":{"rendered":"https:\/\/primore.com.ar\/main\/?page_id=213"},"modified":"2023-02-02T17:22:47","modified_gmt":"2023-02-02T17:22:47","slug":"light-red-kidney","status":"publish","type":"page","link":"https:\/\/primore.com.ar\/main\/light-red-kidney\/","title":{"rendered":"Light Red Kidney"},"content":{"rendered":"<p><img loading=\"lazy\" decoding=\"async\" class=\"size-medium wp-image-64 aligncenter\" src=\"https:\/\/primore.com.ar\/main\/wp-content\/uploads\/2022\/12\/LRK-final-300x297.png\" alt=\"\" width=\"300\" height=\"297\" srcset=\"https:\/\/primore.com.ar\/main\/wp-content\/uploads\/2022\/12\/LRK-final-300x297.png 300w, https:\/\/primore.com.ar\/main\/wp-content\/uploads\/2022\/12\/LRK-final-1024x1014.png 1024w, https:\/\/primore.com.ar\/main\/wp-content\/uploads\/2022\/12\/LRK-final-150x150.png 150w, https:\/\/primore.com.ar\/main\/wp-content\/uploads\/2022\/12\/LRK-final-768x761.png 768w, https:\/\/primore.com.ar\/main\/wp-content\/uploads\/2022\/12\/LRK-final-1536x1521.png 1536w, https:\/\/primore.com.ar\/main\/wp-content\/uploads\/2022\/12\/LRK-final-100x100.png 100w, https:\/\/primore.com.ar\/main\/wp-content\/uploads\/2022\/12\/LRK-final.png 1678w\" sizes=\"auto, (max-width: 300px) 100vw, 300px\" \/><\/p>\n<p>Los porotos Light Red Kidney son muy bajos en grasas saturadas, colesterol y sodio. Los granos est\u00e1n llenos de sabor y su textura es suave. Tienen grandes beneficios para la salud en la funci\u00f3n cerebral y la presi\u00f3n arterial. Son una gran fuente de fibra, prote\u00ednas, tiamina, hierro, f\u00f3sforo, potasio, cobre y manganeso as\u00ed como una muy buena fuente de \u00e1cido f\u00f3lico. Se utilizan principalmente para ensaladas de chile y frijoles. El periodo de cosecha es entre los meses de julio y junio. Su calibre ronda entre los 170 y 250 granos por cada 100 gramos.<\/p>\n<p>&nbsp;<\/p>\n<p><a href=\"https:\/\/primore.com.ar\/main\/productos\/\">Regresar a Productos<\/a><\/p>\n","protected":false},"excerpt":{"rendered":"<p>Los porotos Light Red Kidney son muy bajos en grasas saturadas, colesterol y sodio. Los granos est\u00e1n llenos de sabor y su textura es suave. Tienen grandes beneficios para la salud en la funci\u00f3n cerebral y la presi\u00f3n arterial. Son una gran fuente de fibra, prote\u00ednas, tiamina, hierro, f\u00f3sforo, potasio, cobre y manganeso as\u00ed como &hellip; <\/p>\n<p class=\"link-more\"><a href=\"https:\/\/primore.com.ar\/main\/light-red-kidney\/\" class=\"more-link\">Continuar leyendo<span class=\"screen-reader-text\"> \u00abLight Red Kidney\u00bb<\/span><\/a><\/p>\n","protected":false},"author":1,"featured_media":0,"parent":0,"menu_order":0,"comment_status":"closed","ping_status":"closed","template":"","meta":{"footnotes":""},"class_list":["post-213","page","type-page","status-publish","hentry"],"_links":{"self":[{"href":"https:\/\/primore.com.ar\/main\/wp-json\/wp\/v2\/pages\/213","targetHints":{"allow":["GET"]}}],"collection":[{"href":"https:\/\/primore.com.ar\/main\/wp-json\/wp\/v2\/pages"}],"about":[{"href":"https:\/\/primore.com.ar\/main\/wp-json\/wp\/v2\/types\/page"}],"author":[{"embeddable":true,"href":"https:\/\/primore.com.ar\/main\/wp-json\/wp\/v2\/users\/1"}],"replies":[{"embeddable":true,"href":"https:\/\/primore.com.ar\/main\/wp-json\/wp\/v2\/comments?post=213"}],"version-history":[{"count":2,"href":"https:\/\/primore.com.ar\/main\/wp-json\/wp\/v2\/pages\/213\/revisions"}],"predecessor-version":[{"id":254,"href":"https:\/\/primore.com.ar\/main\/wp-json\/wp\/v2\/pages\/213\/revisions\/254"}],"wp:attachment":[{"href":"https:\/\/primore.com.ar\/main\/wp-json\/wp\/v2\/media?parent=213"}],"curies":[{"name":"wp","href":"https:\/\/api.w.org\/{rel}","templated":true}]}}