{"id":192,"date":"2023-02-02T02:37:50","date_gmt":"2023-02-02T02:37:50","guid":{"rendered":"https:\/\/primore.com.ar\/main\/?page_id=192"},"modified":"2023-02-02T17:22:18","modified_gmt":"2023-02-02T17:22:18","slug":"garbanzo","status":"publish","type":"page","link":"https:\/\/primore.com.ar\/main\/garbanzo\/","title":{"rendered":"Garbanzo"},"content":{"rendered":"<p><img loading=\"lazy\" decoding=\"async\" class=\"size-medium wp-image-55 aligncenter\" src=\"https:\/\/primore.com.ar\/main\/wp-content\/uploads\/2022\/12\/garbanzos-final-300x300.png\" alt=\"\" width=\"300\" height=\"300\" srcset=\"https:\/\/primore.com.ar\/main\/wp-content\/uploads\/2022\/12\/garbanzos-final-300x300.png 300w, https:\/\/primore.com.ar\/main\/wp-content\/uploads\/2022\/12\/garbanzos-final-1024x1019.png 1024w, https:\/\/primore.com.ar\/main\/wp-content\/uploads\/2022\/12\/garbanzos-final-150x150.png 150w, https:\/\/primore.com.ar\/main\/wp-content\/uploads\/2022\/12\/garbanzos-final-100x100.png 100w, https:\/\/primore.com.ar\/main\/wp-content\/uploads\/2022\/12\/garbanzos-final.png 2014w\" sizes=\"auto, (max-width: 300px) 100vw, 300px\" \/><\/p>\n<p>Los garbanzos son muy bajos en colesterol, grasas saturadas y sodio. El sabor y la textura son suave. Son una buena fuente de fibra, prote\u00ednas y cobre, as\u00ed como de \u00e1cido f\u00f3lico y manganeso. Los garbanzos se utilizan principalmente en ensaladas y humus. El periodo de cosecha es entre los meses de noviembre y diciembre. Su calibre es entre los 7mm, 8mm y 9mm.<\/p>\n<p>&nbsp;<\/p>\n<p><a href=\"https:\/\/primore.com.ar\/main\/productos\/\">Regresar a Productos<\/a><\/p>\n","protected":false},"excerpt":{"rendered":"<p>Los garbanzos son muy bajos en colesterol, grasas saturadas y sodio. El sabor y la textura son suave. Son una buena fuente de fibra, prote\u00ednas y cobre, as\u00ed como de \u00e1cido f\u00f3lico y manganeso. Los garbanzos se utilizan principalmente en ensaladas y humus. El periodo de cosecha es entre los meses de noviembre y diciembre. &hellip; <\/p>\n<p class=\"link-more\"><a href=\"https:\/\/primore.com.ar\/main\/garbanzo\/\" class=\"more-link\">Continuar leyendo<span class=\"screen-reader-text\"> \u00abGarbanzo\u00bb<\/span><\/a><\/p>\n","protected":false},"author":1,"featured_media":0,"parent":0,"menu_order":0,"comment_status":"closed","ping_status":"closed","template":"","meta":{"footnotes":""},"class_list":["post-192","page","type-page","status-publish","hentry"],"_links":{"self":[{"href":"https:\/\/primore.com.ar\/main\/wp-json\/wp\/v2\/pages\/192","targetHints":{"allow":["GET"]}}],"collection":[{"href":"https:\/\/primore.com.ar\/main\/wp-json\/wp\/v2\/pages"}],"about":[{"href":"https:\/\/primore.com.ar\/main\/wp-json\/wp\/v2\/types\/page"}],"author":[{"embeddable":true,"href":"https:\/\/primore.com.ar\/main\/wp-json\/wp\/v2\/users\/1"}],"replies":[{"embeddable":true,"href":"https:\/\/primore.com.ar\/main\/wp-json\/wp\/v2\/comments?post=192"}],"version-history":[{"count":2,"href":"https:\/\/primore.com.ar\/main\/wp-json\/wp\/v2\/pages\/192\/revisions"}],"predecessor-version":[{"id":252,"href":"https:\/\/primore.com.ar\/main\/wp-json\/wp\/v2\/pages\/192\/revisions\/252"}],"wp:attachment":[{"href":"https:\/\/primore.com.ar\/main\/wp-json\/wp\/v2\/media?parent=192"}],"curies":[{"name":"wp","href":"https:\/\/api.w.org\/{rel}","templated":true}]}}