{"id":189,"date":"2023-02-02T02:34:10","date_gmt":"2023-02-02T02:34:10","guid":{"rendered":"https:\/\/primore.com.ar\/main\/?page_id=189"},"modified":"2023-02-02T17:22:03","modified_gmt":"2023-02-02T17:22:03","slug":"drk","status":"publish","type":"page","link":"https:\/\/primore.com.ar\/main\/drk\/","title":{"rendered":"Dark Red Kidney"},"content":{"rendered":"<p><img loading=\"lazy\" decoding=\"async\" class=\"size-medium wp-image-60 aligncenter\" src=\"https:\/\/primore.com.ar\/main\/wp-content\/uploads\/2022\/12\/DRK-final-300x298.png\" alt=\"\" width=\"300\" height=\"298\" srcset=\"https:\/\/primore.com.ar\/main\/wp-content\/uploads\/2022\/12\/DRK-final-300x298.png 300w, https:\/\/primore.com.ar\/main\/wp-content\/uploads\/2022\/12\/DRK-final-1024x1018.png 1024w, https:\/\/primore.com.ar\/main\/wp-content\/uploads\/2022\/12\/DRK-final-150x150.png 150w, https:\/\/primore.com.ar\/main\/wp-content\/uploads\/2022\/12\/DRK-final-768x763.png 768w, https:\/\/primore.com.ar\/main\/wp-content\/uploads\/2022\/12\/DRK-final-1536x1527.png 1536w, https:\/\/primore.com.ar\/main\/wp-content\/uploads\/2022\/12\/DRK-final-100x100.png 100w, https:\/\/primore.com.ar\/main\/wp-content\/uploads\/2022\/12\/DRK-final.png 1858w\" sizes=\"auto, (max-width: 300px) 100vw, 300px\" \/><\/p>\n<p>Los porotos Dark Red Kidney son muy bajos en grasas saturadas, colesterol y sodio. Son ricos en sabor y con un cuerpo suave. Tienen grandes beneficios para la salud en la funci\u00f3n cerebral y la presi\u00f3n arterial. Son una buena fuente de fibra, prote\u00ednas, tiamina, hierro, f\u00f3sforo, potasio, cobre y manganeso as\u00ed tambi\u00e9n como una muy buena fuente de \u00e1cido f\u00f3lico. Se utilizan principalmente para ensaladas de chile y frijoles. El periodo de cosecha es entre los meses de junio y julio. Su calibre ronda entre los 170 y 300 granos por cada 100 gramos.<\/p>\n<p>&nbsp;<\/p>\n<p><a href=\"https:\/\/primore.com.ar\/main\/productos\/\">Regresar a Productos<\/a><\/p>\n","protected":false},"excerpt":{"rendered":"<p>Los porotos Dark Red Kidney son muy bajos en grasas saturadas, colesterol y sodio. Son ricos en sabor y con un cuerpo suave. Tienen grandes beneficios para la salud en la funci\u00f3n cerebral y la presi\u00f3n arterial. Son una buena fuente de fibra, prote\u00ednas, tiamina, hierro, f\u00f3sforo, potasio, cobre y manganeso as\u00ed tambi\u00e9n como una &hellip; <\/p>\n<p class=\"link-more\"><a href=\"https:\/\/primore.com.ar\/main\/drk\/\" class=\"more-link\">Continuar leyendo<span class=\"screen-reader-text\"> \u00abDark Red Kidney\u00bb<\/span><\/a><\/p>\n","protected":false},"author":1,"featured_media":0,"parent":0,"menu_order":0,"comment_status":"closed","ping_status":"closed","template":"","meta":{"footnotes":""},"class_list":["post-189","page","type-page","status-publish","hentry"],"_links":{"self":[{"href":"https:\/\/primore.com.ar\/main\/wp-json\/wp\/v2\/pages\/189","targetHints":{"allow":["GET"]}}],"collection":[{"href":"https:\/\/primore.com.ar\/main\/wp-json\/wp\/v2\/pages"}],"about":[{"href":"https:\/\/primore.com.ar\/main\/wp-json\/wp\/v2\/types\/page"}],"author":[{"embeddable":true,"href":"https:\/\/primore.com.ar\/main\/wp-json\/wp\/v2\/users\/1"}],"replies":[{"embeddable":true,"href":"https:\/\/primore.com.ar\/main\/wp-json\/wp\/v2\/comments?post=189"}],"version-history":[{"count":3,"href":"https:\/\/primore.com.ar\/main\/wp-json\/wp\/v2\/pages\/189\/revisions"}],"predecessor-version":[{"id":251,"href":"https:\/\/primore.com.ar\/main\/wp-json\/wp\/v2\/pages\/189\/revisions\/251"}],"wp:attachment":[{"href":"https:\/\/primore.com.ar\/main\/wp-json\/wp\/v2\/media?parent=189"}],"curies":[{"name":"wp","href":"https:\/\/api.w.org\/{rel}","templated":true}]}}