{"id":187,"date":"2023-02-02T02:31:06","date_gmt":"2023-02-02T02:31:06","guid":{"rendered":"https:\/\/primore.com.ar\/main\/?page_id=187"},"modified":"2023-02-02T17:21:48","modified_gmt":"2023-02-02T17:21:48","slug":"cranberry","status":"publish","type":"page","link":"https:\/\/primore.com.ar\/main\/cranberry\/","title":{"rendered":"Cranberry"},"content":{"rendered":"<p><img loading=\"lazy\" decoding=\"async\" class=\"size-medium wp-image-58 aligncenter\" src=\"https:\/\/primore.com.ar\/main\/wp-content\/uploads\/2022\/12\/cranberry-final-300x295.png\" alt=\"\" width=\"300\" height=\"295\" srcset=\"https:\/\/primore.com.ar\/main\/wp-content\/uploads\/2022\/12\/cranberry-final-300x295.png 300w, https:\/\/primore.com.ar\/main\/wp-content\/uploads\/2022\/12\/cranberry-final-1024x1006.png 1024w, https:\/\/primore.com.ar\/main\/wp-content\/uploads\/2022\/12\/cranberry-final-768x755.png 768w, https:\/\/primore.com.ar\/main\/wp-content\/uploads\/2022\/12\/cranberry-final-1536x1509.png 1536w, https:\/\/primore.com.ar\/main\/wp-content\/uploads\/2022\/12\/cranberry-final.png 1844w\" sizes=\"auto, (max-width: 300px) 100vw, 300px\" \/><\/p>\n<p>Los porotos Cranberry son muy bajos en grasas saturadas, colesterol y sodio. Estos peque\u00f1os porotos redondos tienen un sabor a nuez con una textura cremosa. Tienen grandes beneficios para la salud ya que son una buena fuente de prote\u00ednas, tiamina, magnesio, f\u00f3sforo, potasio, cobre y manganeso as\u00ed tambi\u00e9n como una muy buena fuente de fibra y \u00e1cido f\u00f3lico. Se utilizan en las cocinas italiana, espa\u00f1ola y portuguesa. El periodo de cosecha es entre los meses de junio y julio. Su calibre ronda entre los 170 y 250 granos por cada 100 gramos.<\/p>\n<p>&nbsp;<\/p>\n<p><a href=\"https:\/\/primore.com.ar\/main\/productos\/\">Regresar a Productos<\/a><\/p>\n","protected":false},"excerpt":{"rendered":"<p>Los porotos Cranberry son muy bajos en grasas saturadas, colesterol y sodio. Estos peque\u00f1os porotos redondos tienen un sabor a nuez con una textura cremosa. Tienen grandes beneficios para la salud ya que son una buena fuente de prote\u00ednas, tiamina, magnesio, f\u00f3sforo, potasio, cobre y manganeso as\u00ed tambi\u00e9n como una muy buena fuente de fibra &hellip; <\/p>\n<p class=\"link-more\"><a href=\"https:\/\/primore.com.ar\/main\/cranberry\/\" class=\"more-link\">Continuar leyendo<span class=\"screen-reader-text\"> \u00abCranberry\u00bb<\/span><\/a><\/p>\n","protected":false},"author":1,"featured_media":0,"parent":0,"menu_order":0,"comment_status":"closed","ping_status":"closed","template":"","meta":{"footnotes":""},"class_list":["post-187","page","type-page","status-publish","hentry"],"_links":{"self":[{"href":"https:\/\/primore.com.ar\/main\/wp-json\/wp\/v2\/pages\/187","targetHints":{"allow":["GET"]}}],"collection":[{"href":"https:\/\/primore.com.ar\/main\/wp-json\/wp\/v2\/pages"}],"about":[{"href":"https:\/\/primore.com.ar\/main\/wp-json\/wp\/v2\/types\/page"}],"author":[{"embeddable":true,"href":"https:\/\/primore.com.ar\/main\/wp-json\/wp\/v2\/users\/1"}],"replies":[{"embeddable":true,"href":"https:\/\/primore.com.ar\/main\/wp-json\/wp\/v2\/comments?post=187"}],"version-history":[{"count":2,"href":"https:\/\/primore.com.ar\/main\/wp-json\/wp\/v2\/pages\/187\/revisions"}],"predecessor-version":[{"id":250,"href":"https:\/\/primore.com.ar\/main\/wp-json\/wp\/v2\/pages\/187\/revisions\/250"}],"wp:attachment":[{"href":"https:\/\/primore.com.ar\/main\/wp-json\/wp\/v2\/media?parent=187"}],"curies":[{"name":"wp","href":"https:\/\/api.w.org\/{rel}","templated":true}]}}