{"id":178,"date":"2023-02-02T02:23:18","date_gmt":"2023-02-02T02:23:18","guid":{"rendered":"https:\/\/primore.com.ar\/main\/?page_id=178"},"modified":"2023-02-02T17:21:25","modified_gmt":"2023-02-02T17:21:25","slug":"canela","status":"publish","type":"page","link":"https:\/\/primore.com.ar\/main\/canela\/","title":{"rendered":"Canela"},"content":{"rendered":"<p><img loading=\"lazy\" decoding=\"async\" class=\"size-medium wp-image-54 aligncenter\" src=\"https:\/\/primore.com.ar\/main\/wp-content\/uploads\/2022\/12\/canela-final-300x298.png\" alt=\"\" width=\"300\" height=\"298\" srcset=\"https:\/\/primore.com.ar\/main\/wp-content\/uploads\/2022\/12\/canela-final-300x298.png 300w, https:\/\/primore.com.ar\/main\/wp-content\/uploads\/2022\/12\/canela-final-1024x1017.png 1024w, https:\/\/primore.com.ar\/main\/wp-content\/uploads\/2022\/12\/canela-final-150x150.png 150w, https:\/\/primore.com.ar\/main\/wp-content\/uploads\/2022\/12\/canela-final-768x762.png 768w, https:\/\/primore.com.ar\/main\/wp-content\/uploads\/2022\/12\/canela-final-1536x1525.png 1536w, https:\/\/primore.com.ar\/main\/wp-content\/uploads\/2022\/12\/canela-final-100x100.png 100w, https:\/\/primore.com.ar\/main\/wp-content\/uploads\/2022\/12\/canela-final.png 1920w\" sizes=\"auto, (max-width: 300px) 100vw, 300px\" \/><\/p>\n<p>Los porotos Canela son muy bajos en grasas saturadas, colesterol y sodio. Estos frijoles tienen forma de ri\u00f1\u00f3n, color canela y tama\u00f1o mediano. Se utilizan principalmente como base para guisos y sopas. El periodo de cosecha es entre los meses de Junio y Julio. Su calibre normalmente es entre los 170 y 210 porotos cada 100 gramos.<\/p>\n<p>&nbsp;<\/p>\n<p><a href=\"https:\/\/primore.com.ar\/main\/productos\/\">Regresar a Productos<\/a><\/p>\n","protected":false},"excerpt":{"rendered":"<p>Los porotos Canela son muy bajos en grasas saturadas, colesterol y sodio. Estos frijoles tienen forma de ri\u00f1\u00f3n, color canela y tama\u00f1o mediano. Se utilizan principalmente como base para guisos y sopas. El periodo de cosecha es entre los meses de Junio y Julio. Su calibre normalmente es entre los 170 y 210 porotos cada &hellip; <\/p>\n<p class=\"link-more\"><a href=\"https:\/\/primore.com.ar\/main\/canela\/\" class=\"more-link\">Continuar leyendo<span class=\"screen-reader-text\"> \u00abCanela\u00bb<\/span><\/a><\/p>\n","protected":false},"author":1,"featured_media":0,"parent":0,"menu_order":0,"comment_status":"closed","ping_status":"closed","template":"","meta":{"footnotes":""},"class_list":["post-178","page","type-page","status-publish","hentry"],"_links":{"self":[{"href":"https:\/\/primore.com.ar\/main\/wp-json\/wp\/v2\/pages\/178","targetHints":{"allow":["GET"]}}],"collection":[{"href":"https:\/\/primore.com.ar\/main\/wp-json\/wp\/v2\/pages"}],"about":[{"href":"https:\/\/primore.com.ar\/main\/wp-json\/wp\/v2\/types\/page"}],"author":[{"embeddable":true,"href":"https:\/\/primore.com.ar\/main\/wp-json\/wp\/v2\/users\/1"}],"replies":[{"embeddable":true,"href":"https:\/\/primore.com.ar\/main\/wp-json\/wp\/v2\/comments?post=178"}],"version-history":[{"count":3,"href":"https:\/\/primore.com.ar\/main\/wp-json\/wp\/v2\/pages\/178\/revisions"}],"predecessor-version":[{"id":249,"href":"https:\/\/primore.com.ar\/main\/wp-json\/wp\/v2\/pages\/178\/revisions\/249"}],"wp:attachment":[{"href":"https:\/\/primore.com.ar\/main\/wp-json\/wp\/v2\/media?parent=178"}],"curies":[{"name":"wp","href":"https:\/\/api.w.org\/{rel}","templated":true}]}}