{"id":176,"date":"2023-02-02T02:20:39","date_gmt":"2023-02-02T02:20:39","guid":{"rendered":"https:\/\/primore.com.ar\/main\/?page_id=176"},"modified":"2023-02-02T17:20:52","modified_gmt":"2023-02-02T17:20:52","slug":"arvejas","status":"publish","type":"page","link":"https:\/\/primore.com.ar\/main\/arvejas\/","title":{"rendered":"Arvejas"},"content":{"rendered":"<p><img loading=\"lazy\" decoding=\"async\" class=\"size-medium wp-image-63 aligncenter\" src=\"https:\/\/primore.com.ar\/main\/wp-content\/uploads\/2022\/12\/arvejas-final-300x300.png\" alt=\"\" width=\"300\" height=\"300\" srcset=\"https:\/\/primore.com.ar\/main\/wp-content\/uploads\/2022\/12\/arvejas-final-300x300.png 300w, https:\/\/primore.com.ar\/main\/wp-content\/uploads\/2022\/12\/arvejas-final-1024x1024.png 1024w, https:\/\/primore.com.ar\/main\/wp-content\/uploads\/2022\/12\/arvejas-final-150x150.png 150w, https:\/\/primore.com.ar\/main\/wp-content\/uploads\/2022\/12\/arvejas-final-768x768.png 768w, https:\/\/primore.com.ar\/main\/wp-content\/uploads\/2022\/12\/arvejas-final-1536x1536.png 1536w, https:\/\/primore.com.ar\/main\/wp-content\/uploads\/2022\/12\/arvejas-final-100x100.png 100w, https:\/\/primore.com.ar\/main\/wp-content\/uploads\/2022\/12\/arvejas-final.png 1986w\" sizes=\"auto, (max-width: 300px) 100vw, 300px\" \/><\/p>\n<p>Las Arvejas son muy bajas en grasas saturadas, colesterol y sodio. Tienen valores nutricionales excelentes porque son una buena fuente de prote\u00ednas, vitamina A, vitamina B6, \u00e1cido f\u00f3lico, f\u00f3sforo y cobre, y una muy buena fuente de fibra, vitamina C, vitamina K, tiamina y manganeso. Por lo general, se hierven y se usan en ensaladas y en la cocina china. El periodo de cosecha es entre los meses de Junio y Julio. Su calibre promedio es entre 5mm y 7mm. Tambi\u00e9n se comercializa partida.<\/p>\n<p>&nbsp;<\/p>\n<p><a href=\"https:\/\/primore.com.ar\/main\/productos\/\">Regresar a Productos<\/a><\/p>\n","protected":false},"excerpt":{"rendered":"<p>Las Arvejas son muy bajas en grasas saturadas, colesterol y sodio. Tienen valores nutricionales excelentes porque son una buena fuente de prote\u00ednas, vitamina A, vitamina B6, \u00e1cido f\u00f3lico, f\u00f3sforo y cobre, y una muy buena fuente de fibra, vitamina C, vitamina K, tiamina y manganeso. Por lo general, se hierven y se usan en ensaladas &hellip; <\/p>\n<p class=\"link-more\"><a href=\"https:\/\/primore.com.ar\/main\/arvejas\/\" class=\"more-link\">Continuar leyendo<span class=\"screen-reader-text\"> \u00abArvejas\u00bb<\/span><\/a><\/p>\n","protected":false},"author":1,"featured_media":0,"parent":0,"menu_order":0,"comment_status":"closed","ping_status":"closed","template":"","meta":{"footnotes":""},"class_list":["post-176","page","type-page","status-publish","hentry"],"_links":{"self":[{"href":"https:\/\/primore.com.ar\/main\/wp-json\/wp\/v2\/pages\/176","targetHints":{"allow":["GET"]}}],"collection":[{"href":"https:\/\/primore.com.ar\/main\/wp-json\/wp\/v2\/pages"}],"about":[{"href":"https:\/\/primore.com.ar\/main\/wp-json\/wp\/v2\/types\/page"}],"author":[{"embeddable":true,"href":"https:\/\/primore.com.ar\/main\/wp-json\/wp\/v2\/users\/1"}],"replies":[{"embeddable":true,"href":"https:\/\/primore.com.ar\/main\/wp-json\/wp\/v2\/comments?post=176"}],"version-history":[{"count":4,"href":"https:\/\/primore.com.ar\/main\/wp-json\/wp\/v2\/pages\/176\/revisions"}],"predecessor-version":[{"id":248,"href":"https:\/\/primore.com.ar\/main\/wp-json\/wp\/v2\/pages\/176\/revisions\/248"}],"wp:attachment":[{"href":"https:\/\/primore.com.ar\/main\/wp-json\/wp\/v2\/media?parent=176"}],"curies":[{"name":"wp","href":"https:\/\/api.w.org\/{rel}","templated":true}]}}