{"id":174,"date":"2023-02-02T02:16:22","date_gmt":"2023-02-02T02:16:22","guid":{"rendered":"https:\/\/primore.com.ar\/main\/?page_id=174"},"modified":"2023-02-02T17:19:30","modified_gmt":"2023-02-02T17:19:30","slug":"adzuki","status":"publish","type":"page","link":"https:\/\/primore.com.ar\/main\/adzuki\/","title":{"rendered":"Adzuki"},"content":{"rendered":"<p><img loading=\"lazy\" decoding=\"async\" class=\"size-medium wp-image-57 aligncenter\" src=\"https:\/\/primore.com.ar\/main\/wp-content\/uploads\/2022\/12\/adzuki-final-300x298.png\" alt=\"\" width=\"300\" height=\"298\" srcset=\"https:\/\/primore.com.ar\/main\/wp-content\/uploads\/2022\/12\/adzuki-final-300x298.png 300w, https:\/\/primore.com.ar\/main\/wp-content\/uploads\/2022\/12\/adzuki-final-1024x1018.png 1024w, https:\/\/primore.com.ar\/main\/wp-content\/uploads\/2022\/12\/adzuki-final-150x150.png 150w, https:\/\/primore.com.ar\/main\/wp-content\/uploads\/2022\/12\/adzuki-final-768x763.png 768w, https:\/\/primore.com.ar\/main\/wp-content\/uploads\/2022\/12\/adzuki-final-1536x1527.png 1536w, https:\/\/primore.com.ar\/main\/wp-content\/uploads\/2022\/12\/adzuki-final-100x100.png 100w, https:\/\/primore.com.ar\/main\/wp-content\/uploads\/2022\/12\/adzuki-final.png 1998w\" sizes=\"auto, (max-width: 300px) 100vw, 300px\" \/><\/p>\n<p>Los porotos Adzuki contienen altas cantidades de nutrientes como vitamina B6, manganeso, cobre, f\u00f3sforo y potasio. Tambi\u00e9n es rica en prote\u00ednas vegetales y fibra. Comer frijoles Adzuki ayuda a controlar el peso corporal, disminuir los niveles de colesterol malo, la diabetes y controlar los niveles de az\u00facar en la sangre. Ayuda a mejorar la salud del sistema inmunol\u00f3gico, el intestino y la densidad \u00f3sea. El periodo de cosecha es entre los meses de abril y junio. Su calibre normalmente ronda entre los 3,5mm y 4mm.<\/p>\n<p>&nbsp;<\/p>\n<p><a href=\"https:\/\/primore.com.ar\/main\/productos\/\">Regresar a Productos<\/a><\/p>\n","protected":false},"excerpt":{"rendered":"<p>Los porotos Adzuki contienen altas cantidades de nutrientes como vitamina B6, manganeso, cobre, f\u00f3sforo y potasio. Tambi\u00e9n es rica en prote\u00ednas vegetales y fibra. Comer frijoles Adzuki ayuda a controlar el peso corporal, disminuir los niveles de colesterol malo, la diabetes y controlar los niveles de az\u00facar en la sangre. Ayuda a mejorar la salud &hellip; <\/p>\n<p class=\"link-more\"><a href=\"https:\/\/primore.com.ar\/main\/adzuki\/\" class=\"more-link\">Continuar leyendo<span class=\"screen-reader-text\"> \u00abAdzuki\u00bb<\/span><\/a><\/p>\n","protected":false},"author":1,"featured_media":0,"parent":0,"menu_order":0,"comment_status":"closed","ping_status":"closed","template":"","meta":{"footnotes":""},"class_list":["post-174","page","type-page","status-publish","hentry"],"_links":{"self":[{"href":"https:\/\/primore.com.ar\/main\/wp-json\/wp\/v2\/pages\/174","targetHints":{"allow":["GET"]}}],"collection":[{"href":"https:\/\/primore.com.ar\/main\/wp-json\/wp\/v2\/pages"}],"about":[{"href":"https:\/\/primore.com.ar\/main\/wp-json\/wp\/v2\/types\/page"}],"author":[{"embeddable":true,"href":"https:\/\/primore.com.ar\/main\/wp-json\/wp\/v2\/users\/1"}],"replies":[{"embeddable":true,"href":"https:\/\/primore.com.ar\/main\/wp-json\/wp\/v2\/comments?post=174"}],"version-history":[{"count":4,"href":"https:\/\/primore.com.ar\/main\/wp-json\/wp\/v2\/pages\/174\/revisions"}],"predecessor-version":[{"id":246,"href":"https:\/\/primore.com.ar\/main\/wp-json\/wp\/v2\/pages\/174\/revisions\/246"}],"wp:attachment":[{"href":"https:\/\/primore.com.ar\/main\/wp-json\/wp\/v2\/media?parent=174"}],"curies":[{"name":"wp","href":"https:\/\/api.w.org\/{rel}","templated":true}]}}