{"id":171,"date":"2023-02-02T02:07:08","date_gmt":"2023-02-02T02:07:08","guid":{"rendered":"https:\/\/primore.com.ar\/main\/?page_id=171"},"modified":"2023-02-02T17:19:58","modified_gmt":"2023-02-02T17:19:58","slug":"alubia","status":"publish","type":"page","link":"https:\/\/primore.com.ar\/main\/alubia\/","title":{"rendered":"Alubia"},"content":{"rendered":"<p><img loading=\"lazy\" decoding=\"async\" class=\"size-medium wp-image-53 aligncenter\" src=\"https:\/\/primore.com.ar\/main\/wp-content\/uploads\/2022\/12\/alubia-final-300x300.png\" alt=\"\" width=\"300\" height=\"300\" srcset=\"https:\/\/primore.com.ar\/main\/wp-content\/uploads\/2022\/12\/alubia-final-300x300.png 300w, https:\/\/primore.com.ar\/main\/wp-content\/uploads\/2022\/12\/alubia-final-1022x1024.png 1022w, https:\/\/primore.com.ar\/main\/wp-content\/uploads\/2022\/12\/alubia-final-150x150.png 150w, https:\/\/primore.com.ar\/main\/wp-content\/uploads\/2022\/12\/alubia-final-768x769.png 768w, https:\/\/primore.com.ar\/main\/wp-content\/uploads\/2022\/12\/alubia-final-1534x1536.png 1534w, https:\/\/primore.com.ar\/main\/wp-content\/uploads\/2022\/12\/alubia-final-2045x2048.png 2045w, https:\/\/primore.com.ar\/main\/wp-content\/uploads\/2022\/12\/alubia-final-100x100.png 100w\" sizes=\"auto, (max-width: 300px) 100vw, 300px\" \/><\/p>\n<p>Los porotos Alubias son muy bajos en grasas saturadas, colesterol y sodio. Estos porotos tienen forma de ri\u00f1\u00f3n, de color blanco y tama\u00f1o mediano. Son una gran fuente de prote\u00ednas, tiamina, hierro, magnesio, f\u00f3sforo, potasio y manganeso. Adem\u00e1s, son una gran fuente de fibra y \u00e1cido f\u00f3lico. El periodo de cosecha de este producto es entre los meses de Junio y Julio. Su calibre ronda entre los 160 y 300 granos por cada 100 gramos.<\/p>\n<p>&nbsp;<\/p>\n<p><a href=\"https:\/\/primore.com.ar\/main\/productos\/\">Regresar a Productos<\/a><\/p>\n","protected":false},"excerpt":{"rendered":"<p>Los porotos Alubias son muy bajos en grasas saturadas, colesterol y sodio. Estos porotos tienen forma de ri\u00f1\u00f3n, de color blanco y tama\u00f1o mediano. Son una gran fuente de prote\u00ednas, tiamina, hierro, magnesio, f\u00f3sforo, potasio y manganeso. Adem\u00e1s, son una gran fuente de fibra y \u00e1cido f\u00f3lico. El periodo de cosecha de este producto es &hellip; <\/p>\n<p class=\"link-more\"><a href=\"https:\/\/primore.com.ar\/main\/alubia\/\" class=\"more-link\">Continuar leyendo<span class=\"screen-reader-text\"> \u00abAlubia\u00bb<\/span><\/a><\/p>\n","protected":false},"author":1,"featured_media":0,"parent":0,"menu_order":0,"comment_status":"closed","ping_status":"closed","template":"","meta":{"footnotes":""},"class_list":["post-171","page","type-page","status-publish","hentry"],"_links":{"self":[{"href":"https:\/\/primore.com.ar\/main\/wp-json\/wp\/v2\/pages\/171","targetHints":{"allow":["GET"]}}],"collection":[{"href":"https:\/\/primore.com.ar\/main\/wp-json\/wp\/v2\/pages"}],"about":[{"href":"https:\/\/primore.com.ar\/main\/wp-json\/wp\/v2\/types\/page"}],"author":[{"embeddable":true,"href":"https:\/\/primore.com.ar\/main\/wp-json\/wp\/v2\/users\/1"}],"replies":[{"embeddable":true,"href":"https:\/\/primore.com.ar\/main\/wp-json\/wp\/v2\/comments?post=171"}],"version-history":[{"count":4,"href":"https:\/\/primore.com.ar\/main\/wp-json\/wp\/v2\/pages\/171\/revisions"}],"predecessor-version":[{"id":247,"href":"https:\/\/primore.com.ar\/main\/wp-json\/wp\/v2\/pages\/171\/revisions\/247"}],"wp:attachment":[{"href":"https:\/\/primore.com.ar\/main\/wp-json\/wp\/v2\/media?parent=171"}],"curies":[{"name":"wp","href":"https:\/\/api.w.org\/{rel}","templated":true}]}}