{"id":118,"date":"2022-12-22T15:39:01","date_gmt":"2022-12-22T15:39:01","guid":{"rendered":"https:\/\/primore.com.ar\/main\/?page_id=118"},"modified":"2026-03-19T17:37:38","modified_gmt":"2026-03-19T17:37:38","slug":"certificaciones","status":"publish","type":"page","link":"https:\/\/primore.com.ar\/main\/certificaciones\/","title":{"rendered":"Certificaciones"},"content":{"rendered":"<p>Desde 2015 estamos certificados\u00a0en <a href=\"https:\/\/primore.com.ar\/main\/iso-14001\/\">ISO 14001<\/a> y ,desde el a\u00f1o 2025, estamos certificados en <a href=\"https:\/\/primore.com.ar\/main\/brcgs\/\">BRCGS<\/a>:<\/p>\n<p><a href=\"https:\/\/primore.com.ar\/main\/iso-14001\/\">ISO 14001<\/a> es una norma de Sistema de Gesti\u00f3n Ambiental (SGA) que busca reducir los impactos en el ambiente de la organizaci\u00f3n adem\u00e1s de cumplir con la legislaci\u00f3n en materia ambiental.<\/p>\n<p><a href=\"https:\/\/primore.com.ar\/main\/brcgs\/\">BRCGS<\/a> es el Est\u00e1ndar Global de Seguridad Alimentaria <a href=\"https:\/\/primore.com.ar\/main\/brcgs\/\">BRCGS<\/a>, fue desarrollad con aportes de la industria, proporciona un marco para gestionar la seguridad, integridad, legalidad y calidad del producto, y los controles operativos para estos criterios en la industria de fabricaci\u00f3n, procesamiento y envasado de alimentos e ingredientes alimentarios.<\/p>\n<p>&nbsp;<\/p>\n<p>&nbsp;<\/p>\n<p><a href=\"https:\/\/primore.com.ar\/main\/brcgs\/\"><img loading=\"lazy\" decoding=\"async\" class=\"wp-image-382 alignleft\" src=\"https:\/\/primore.com.ar\/main\/wp-content\/uploads\/2025\/07\/BRCGS_CERT_FOOD_LOGO_CMYK-300x226.jpg\" alt=\"\" width=\"203\" height=\"153\" srcset=\"https:\/\/primore.com.ar\/main\/wp-content\/uploads\/2025\/07\/BRCGS_CERT_FOOD_LOGO_CMYK-300x226.jpg 300w, https:\/\/primore.com.ar\/main\/wp-content\/uploads\/2025\/07\/BRCGS_CERT_FOOD_LOGO_CMYK.jpg 690w\" sizes=\"auto, (max-width: 203px) 100vw, 203px\" \/><\/a><\/p>\n","protected":false},"excerpt":{"rendered":"<p>Desde 2015 estamos certificados\u00a0en ISO 14001 y ,desde el a\u00f1o 2025, estamos certificados en BRCGS: ISO 14001 es una norma de Sistema de Gesti\u00f3n Ambiental (SGA) que busca reducir los impactos en el ambiente de la organizaci\u00f3n adem\u00e1s de cumplir con la legislaci\u00f3n en materia ambiental. BRCGS es el Est\u00e1ndar Global de Seguridad Alimentaria BRCGS, &hellip; <\/p>\n<p class=\"link-more\"><a href=\"https:\/\/primore.com.ar\/main\/certificaciones\/\" class=\"more-link\">Continuar leyendo<span class=\"screen-reader-text\"> \u00abCertificaciones\u00bb<\/span><\/a><\/p>\n","protected":false},"author":1,"featured_media":0,"parent":0,"menu_order":0,"comment_status":"closed","ping_status":"closed","template":"","meta":{"footnotes":""},"class_list":["post-118","page","type-page","status-publish","hentry"],"_links":{"self":[{"href":"https:\/\/primore.com.ar\/main\/wp-json\/wp\/v2\/pages\/118","targetHints":{"allow":["GET"]}}],"collection":[{"href":"https:\/\/primore.com.ar\/main\/wp-json\/wp\/v2\/pages"}],"about":[{"href":"https:\/\/primore.com.ar\/main\/wp-json\/wp\/v2\/types\/page"}],"author":[{"embeddable":true,"href":"https:\/\/primore.com.ar\/main\/wp-json\/wp\/v2\/users\/1"}],"replies":[{"embeddable":true,"href":"https:\/\/primore.com.ar\/main\/wp-json\/wp\/v2\/comments?post=118"}],"version-history":[{"count":24,"href":"https:\/\/primore.com.ar\/main\/wp-json\/wp\/v2\/pages\/118\/revisions"}],"predecessor-version":[{"id":392,"href":"https:\/\/primore.com.ar\/main\/wp-json\/wp\/v2\/pages\/118\/revisions\/392"}],"wp:attachment":[{"href":"https:\/\/primore.com.ar\/main\/wp-json\/wp\/v2\/media?parent=118"}],"curies":[{"name":"wp","href":"https:\/\/api.w.org\/{rel}","templated":true}]}}